{"id":18,"date":"2017-05-04T21:56:18","date_gmt":"2017-05-04T19:56:18","guid":{"rendered":"http:\/\/www.tierarztfischer.at\/?page_id=18"},"modified":"2017-05-04T22:46:39","modified_gmt":"2017-05-04T20:46:39","slug":"ordination","status":"publish","type":"page","link":"https:\/\/www.tierarztfischer.at\/?page_id=18","title":{"rendered":"Ordination"},"content":{"rendered":"<p>Meine Ordination befindet sich im Herzen des Weinviertels im beschaulichen Ort Niederkreuzstetten (Bezirk Mistelbach).<\/p>\n<p>In unmittelbarer N\u00e4he stehen gen\u00fcgend Parkpl\u00e4tze zur Verf\u00fcgung. Au\u00dferdem liegt meine Praxis nur wenige Schritte vom Bahnhof Niederkreuzstetten entfernt.<\/p>\n<hr \/>\n<div id='gallery-1' class='gallery galleryid-18 gallery-columns-3 gallery-size-medium'><figure class='gallery-item'>\n\t\t\t<div class='gallery-icon landscape'>\n\t\t\t\t<a href='https:\/\/www.tierarztfischer.at\/wp-content\/uploads\/2017\/05\/Behandlungsraum-2.jpg'><img loading=\"lazy\" decoding=\"async\" width=\"300\" height=\"200\" src=\"https:\/\/www.tierarztfischer.at\/wp-content\/uploads\/2017\/05\/Behandlungsraum-2-300x200.jpg\" class=\"attachment-medium size-medium\" alt=\"der Behandlungsraum meiner Ordination\" srcset=\"https:\/\/www.tierarztfischer.at\/wp-content\/uploads\/2017\/05\/Behandlungsraum-2-300x200.jpg 300w, https:\/\/www.tierarztfischer.at\/wp-content\/uploads\/2017\/05\/Behandlungsraum-2-768x512.jpg 768w, https:\/\/www.tierarztfischer.at\/wp-content\/uploads\/2017\/05\/Behandlungsraum-2.jpg 943w\" sizes=\"auto, (max-width: 300px) 100vw, 300px\" \/><\/a>\n\t\t\t<\/div><\/figure><figure class='gallery-item'>\n\t\t\t<div class='gallery-icon landscape'>\n\t\t\t\t<a href='https:\/\/www.tierarztfischer.at\/wp-content\/uploads\/2017\/05\/Behandlungsraum.jpg'><img loading=\"lazy\" decoding=\"async\" width=\"300\" height=\"200\" src=\"https:\/\/www.tierarztfischer.at\/wp-content\/uploads\/2017\/05\/Behandlungsraum-300x200.jpg\" class=\"attachment-medium size-medium\" alt=\"der Behandlungsraum meiner Ordination\" srcset=\"https:\/\/www.tierarztfischer.at\/wp-content\/uploads\/2017\/05\/Behandlungsraum-300x200.jpg 300w, https:\/\/www.tierarztfischer.at\/wp-content\/uploads\/2017\/05\/Behandlungsraum-768x512.jpg 768w, https:\/\/www.tierarztfischer.at\/wp-content\/uploads\/2017\/05\/Behandlungsraum.jpg 931w\" sizes=\"auto, (max-width: 300px) 100vw, 300px\" \/><\/a>\n\t\t\t<\/div><\/figure><figure class='gallery-item'>\n\t\t\t<div class='gallery-icon landscape'>\n\t\t\t\t<a href='https:\/\/www.tierarztfischer.at\/wp-content\/uploads\/2017\/05\/Warteraum-2.jpg'><img loading=\"lazy\" decoding=\"async\" width=\"300\" height=\"200\" src=\"https:\/\/www.tierarztfischer.at\/wp-content\/uploads\/2017\/05\/Warteraum-2-300x200.jpg\" class=\"attachment-medium size-medium\" alt=\"der Warteraum meiner Ordination\" srcset=\"https:\/\/www.tierarztfischer.at\/wp-content\/uploads\/2017\/05\/Warteraum-2-300x200.jpg 300w, https:\/\/www.tierarztfischer.at\/wp-content\/uploads\/2017\/05\/Warteraum-2-768x512.jpg 768w, https:\/\/www.tierarztfischer.at\/wp-content\/uploads\/2017\/05\/Warteraum-2.jpg 950w\" sizes=\"auto, (max-width: 300px) 100vw, 300px\" \/><\/a>\n\t\t\t<\/div><\/figure><figure class='gallery-item'>\n\t\t\t<div class='gallery-icon landscape'>\n\t\t\t\t<a href='https:\/\/www.tierarztfischer.at\/wp-content\/uploads\/2017\/05\/Warteraum.jpg'><img loading=\"lazy\" decoding=\"async\" width=\"300\" height=\"200\" src=\"https:\/\/www.tierarztfischer.at\/wp-content\/uploads\/2017\/05\/Warteraum-300x200.jpg\" class=\"attachment-medium size-medium\" alt=\"der Warteraum meiner Ordination\" srcset=\"https:\/\/www.tierarztfischer.at\/wp-content\/uploads\/2017\/05\/Warteraum-300x200.jpg 300w, https:\/\/www.tierarztfischer.at\/wp-content\/uploads\/2017\/05\/Warteraum-768x512.jpg 768w, https:\/\/www.tierarztfischer.at\/wp-content\/uploads\/2017\/05\/Warteraum.jpg 936w\" sizes=\"auto, (max-width: 300px) 100vw, 300px\" \/><\/a>\n\t\t\t<\/div><\/figure><figure class='gallery-item'>\n\t\t\t<div class='gallery-icon landscape'>\n\t\t\t\t<a href='https:\/\/www.tierarztfischer.at\/wp-content\/uploads\/2017\/05\/Ordination-aussen-2.jpg'><img loading=\"lazy\" decoding=\"async\" width=\"300\" height=\"200\" src=\"https:\/\/www.tierarztfischer.at\/wp-content\/uploads\/2017\/05\/Ordination-aussen-2-300x200.jpg\" class=\"attachment-medium size-medium\" alt=\"Au\u00dfenansicht Ordination\" srcset=\"https:\/\/www.tierarztfischer.at\/wp-content\/uploads\/2017\/05\/Ordination-aussen-2-300x200.jpg 300w, https:\/\/www.tierarztfischer.at\/wp-content\/uploads\/2017\/05\/Ordination-aussen-2-768x512.jpg 768w, https:\/\/www.tierarztfischer.at\/wp-content\/uploads\/2017\/05\/Ordination-aussen-2.jpg 950w\" sizes=\"auto, (max-width: 300px) 100vw, 300px\" \/><\/a>\n\t\t\t<\/div><\/figure><figure class='gallery-item'>\n\t\t\t<div class='gallery-icon landscape'>\n\t\t\t\t<a href='https:\/\/www.tierarztfischer.at\/wp-content\/uploads\/2017\/05\/Ordination-aussen-3.jpg'><img loading=\"lazy\" decoding=\"async\" width=\"300\" height=\"200\" src=\"https:\/\/www.tierarztfischer.at\/wp-content\/uploads\/2017\/05\/Ordination-aussen-3-300x200.jpg\" class=\"attachment-medium size-medium\" alt=\"Au\u00dfenansicht Ordination\" srcset=\"https:\/\/www.tierarztfischer.at\/wp-content\/uploads\/2017\/05\/Ordination-aussen-3-300x200.jpg 300w, https:\/\/www.tierarztfischer.at\/wp-content\/uploads\/2017\/05\/Ordination-aussen-3-768x512.jpg 768w, https:\/\/www.tierarztfischer.at\/wp-content\/uploads\/2017\/05\/Ordination-aussen-3.jpg 950w\" sizes=\"auto, (max-width: 300px) 100vw, 300px\" \/><\/a>\n\t\t\t<\/div><\/figure><figure class='gallery-item'>\n\t\t\t<div class='gallery-icon landscape'>\n\t\t\t\t<a href='https:\/\/www.tierarztfischer.at\/wp-content\/uploads\/2017\/05\/Ordination-aussen-4.jpg'><img loading=\"lazy\" decoding=\"async\" width=\"300\" height=\"200\" src=\"https:\/\/www.tierarztfischer.at\/wp-content\/uploads\/2017\/05\/Ordination-aussen-4-300x200.jpg\" class=\"attachment-medium size-medium\" alt=\"\" srcset=\"https:\/\/www.tierarztfischer.at\/wp-content\/uploads\/2017\/05\/Ordination-aussen-4-300x200.jpg 300w, https:\/\/www.tierarztfischer.at\/wp-content\/uploads\/2017\/05\/Ordination-aussen-4-768x512.jpg 768w, https:\/\/www.tierarztfischer.at\/wp-content\/uploads\/2017\/05\/Ordination-aussen-4.jpg 950w\" sizes=\"auto, (max-width: 300px) 100vw, 300px\" \/><\/a>\n\t\t\t<\/div><\/figure><figure class='gallery-item'>\n\t\t\t<div class='gallery-icon landscape'>\n\t\t\t\t<a href='https:\/\/www.tierarztfischer.at\/wp-content\/uploads\/2017\/05\/Ordination-aussen.jpg'><img loading=\"lazy\" decoding=\"async\" width=\"300\" height=\"200\" src=\"https:\/\/www.tierarztfischer.at\/wp-content\/uploads\/2017\/05\/Ordination-aussen-300x200.jpg\" class=\"attachment-medium size-medium\" alt=\"Au\u00dfenansicht meiner Ordination\" srcset=\"https:\/\/www.tierarztfischer.at\/wp-content\/uploads\/2017\/05\/Ordination-aussen-300x200.jpg 300w, https:\/\/www.tierarztfischer.at\/wp-content\/uploads\/2017\/05\/Ordination-aussen-768x512.jpg 768w, https:\/\/www.tierarztfischer.at\/wp-content\/uploads\/2017\/05\/Ordination-aussen.jpg 943w\" sizes=\"auto, (max-width: 300px) 100vw, 300px\" \/><\/a>\n\t\t\t<\/div><\/figure><figure class='gallery-item'>\n\t\t\t<div class='gallery-icon landscape'>\n\t\t\t\t<a href='https:\/\/www.tierarztfischer.at\/wp-content\/uploads\/2017\/05\/Ordination-Blick-Bahnhof.jpg'><img loading=\"lazy\" decoding=\"async\" width=\"300\" height=\"200\" src=\"https:\/\/www.tierarztfischer.at\/wp-content\/uploads\/2017\/05\/Ordination-Blick-Bahnhof-300x200.jpg\" class=\"attachment-medium size-medium\" alt=\"der Eingang der Ordination mit Blick auf den Bahnhof\" srcset=\"https:\/\/www.tierarztfischer.at\/wp-content\/uploads\/2017\/05\/Ordination-Blick-Bahnhof-300x200.jpg 300w, https:\/\/www.tierarztfischer.at\/wp-content\/uploads\/2017\/05\/Ordination-Blick-Bahnhof-768x512.jpg 768w, https:\/\/www.tierarztfischer.at\/wp-content\/uploads\/2017\/05\/Ordination-Blick-Bahnhof.jpg 950w\" sizes=\"auto, (max-width: 300px) 100vw, 300px\" \/><\/a>\n\t\t\t<\/div><\/figure>\n\t\t<\/div>\n\n","protected":false},"excerpt":{"rendered":"<p>Meine Ordination befindet sich im Herzen des Weinviertels im beschaulichen Ort Niederkreuzstetten (Bezirk Mistelbach). In unmittelbarer N\u00e4he stehen gen\u00fcgend Parkpl\u00e4tze zur Verf\u00fcgung. Au\u00dferdem liegt meine Praxis nur wenige Schritte vom Bahnhof Niederkreuzstetten entfernt.<\/p>\n","protected":false},"author":1,"featured_media":0,"parent":0,"menu_order":1,"comment_status":"closed","ping_status":"closed","template":"","meta":{"footnotes":""},"class_list":["post-18","page","type-page","status-publish","h-entry","hentry","h-as-page"],"_links":{"self":[{"href":"https:\/\/www.tierarztfischer.at\/index.php?rest_route=\/wp\/v2\/pages\/18","targetHints":{"allow":["GET"]}}],"collection":[{"href":"https:\/\/www.tierarztfischer.at\/index.php?rest_route=\/wp\/v2\/pages"}],"about":[{"href":"https:\/\/www.tierarztfischer.at\/index.php?rest_route=\/wp\/v2\/types\/page"}],"author":[{"embeddable":true,"href":"https:\/\/www.tierarztfischer.at\/index.php?rest_route=\/wp\/v2\/users\/1"}],"replies":[{"embeddable":true,"href":"https:\/\/www.tierarztfischer.at\/index.php?rest_route=%2Fwp%2Fv2%2Fcomments&post=18"}],"version-history":[{"count":6,"href":"https:\/\/www.tierarztfischer.at\/index.php?rest_route=\/wp\/v2\/pages\/18\/revisions"}],"predecessor-version":[{"id":58,"href":"https:\/\/www.tierarztfischer.at\/index.php?rest_route=\/wp\/v2\/pages\/18\/revisions\/58"}],"wp:attachment":[{"href":"https:\/\/www.tierarztfischer.at\/index.php?rest_route=%2Fwp%2Fv2%2Fmedia&parent=18"}],"curies":[{"name":"wp","href":"https:\/\/api.w.org\/{rel}","templated":true}]}}